{"id":625,"date":"2025-08-23T22:43:19","date_gmt":"2025-08-23T22:43:19","guid":{"rendered":"https:\/\/dovanagirls.com\/catalogo\/?post_type=product&#038;p=625"},"modified":"2025-11-21T18:31:05","modified_gmt":"2025-11-21T18:31:05","slug":"conjunto-deportivo-sueter-y-leggins","status":"publish","type":"product","link":"https:\/\/dovanagirls.com\/catalogo\/producto\/conjunto-deportivo-sueter-y-leggins\/","title":{"rendered":"Conjunto deportivo su\u00e9ter y leggins"},"content":{"rendered":"<p>Conjunto deportivo su\u00e9ter manga larga con decoraci\u00f3n floral 3D y leggins<\/p>\n","protected":false},"excerpt":{"rendered":"<p>Conjunto deportivo su\u00e9ter manga larga con decoraci\u00f3n floral 3D y leggins<\/p>\n","protected":false},"featured_media":0,"template":"","meta":{"_monsterinsights_skip_tracking":false,"_monsterinsights_sitenote_active":false,"_monsterinsights_sitenote_note":"","_monsterinsights_sitenote_category":0},"product_brand":[51],"product_cat":[29],"product_tag":[66],"class_list":{"0":"post-625","1":"product","2":"type-product","3":"status-publish","5":"product_brand-shein","6":"product_cat-ropa-de-playa","7":"product_tag-talla-3-4","8":"pa_talla-3-4-years","10":"first","11":"instock","12":"shipping-taxable","13":"purchasable","14":"product-type-simple"},"aioseo_notices":[],"_links":{"self":[{"href":"https:\/\/dovanagirls.com\/catalogo\/wp-json\/wp\/v2\/product\/625","targetHints":{"allow":["GET"]}}],"collection":[{"href":"https:\/\/dovanagirls.com\/catalogo\/wp-json\/wp\/v2\/product"}],"about":[{"href":"https:\/\/dovanagirls.com\/catalogo\/wp-json\/wp\/v2\/types\/product"}],"wp:attachment":[{"href":"https:\/\/dovanagirls.com\/catalogo\/wp-json\/wp\/v2\/media?parent=625"}],"wp:term":[{"taxonomy":"product_brand","embeddable":true,"href":"https:\/\/dovanagirls.com\/catalogo\/wp-json\/wp\/v2\/product_brand?post=625"},{"taxonomy":"product_cat","embeddable":true,"href":"https:\/\/dovanagirls.com\/catalogo\/wp-json\/wp\/v2\/product_cat?post=625"},{"taxonomy":"product_tag","embeddable":true,"href":"https:\/\/dovanagirls.com\/catalogo\/wp-json\/wp\/v2\/product_tag?post=625"}],"curies":[{"name":"wp","href":"https:\/\/api.w.org\/{rel}","templated":true}]}}