{"id":455,"date":"2025-07-09T13:29:34","date_gmt":"2025-07-09T13:29:34","guid":{"rendered":"https:\/\/dovanagirls.com\/catalogo\/?post_type=product&#038;p=455"},"modified":"2025-07-09T13:29:34","modified_gmt":"2025-07-09T13:29:34","slug":"sueter-cardigan-blanco-con-textura-de-rayas-y-tela-elastica-decorado-con-flores-en-3d","status":"publish","type":"product","link":"https:\/\/dovanagirls.com\/catalogo\/producto\/sueter-cardigan-blanco-con-textura-de-rayas-y-tela-elastica-decorado-con-flores-en-3d\/","title":{"rendered":"Sueter cardigan blanco con textura de rayas y tela el\u00e1stica decorado con flores en 3D\u00a0"},"content":{"rendered":"<h1 class=\"product-intro__head-name\" tabindex=\"0\"><span class=\"fsp-element\">Su\u00e9ter cardigan blanco elegante con textura de rayas blancas y tela ondulada el\u00e1stica con decoraci\u00f3n de flores 3D<\/span><\/h1>\n","protected":false},"excerpt":{"rendered":"<h1 class=\"product-intro__head-name\" tabindex=\"0\"><span class=\"fsp-element\">Su\u00e9ter cardigan blanco elegante con textura de rayas blancas y tela ondulada el\u00e1stica con decoraci\u00f3n de flores 3D<\/span><\/h1>\n","protected":false},"featured_media":456,"template":"","meta":{"_monsterinsights_skip_tracking":false,"_monsterinsights_sitenote_active":false,"_monsterinsights_sitenote_note":"","_monsterinsights_sitenote_category":0},"product_brand":[51],"product_cat":[27],"product_tag":[67],"class_list":{"0":"post-455","1":"product","2":"type-product","3":"status-publish","4":"has-post-thumbnail","6":"product_brand-shein","7":"product_cat-sueteres-y-chaquetas","8":"product_tag-talla-5-6","9":"pa_talla-5-6-years","11":"first","12":"instock","13":"shipping-taxable","14":"purchasable","15":"product-type-simple"},"aioseo_notices":[],"_links":{"self":[{"href":"https:\/\/dovanagirls.com\/catalogo\/wp-json\/wp\/v2\/product\/455","targetHints":{"allow":["GET"]}}],"collection":[{"href":"https:\/\/dovanagirls.com\/catalogo\/wp-json\/wp\/v2\/product"}],"about":[{"href":"https:\/\/dovanagirls.com\/catalogo\/wp-json\/wp\/v2\/types\/product"}],"wp:featuredmedia":[{"embeddable":true,"href":"https:\/\/dovanagirls.com\/catalogo\/wp-json\/wp\/v2\/media\/456"}],"wp:attachment":[{"href":"https:\/\/dovanagirls.com\/catalogo\/wp-json\/wp\/v2\/media?parent=455"}],"wp:term":[{"taxonomy":"product_brand","embeddable":true,"href":"https:\/\/dovanagirls.com\/catalogo\/wp-json\/wp\/v2\/product_brand?post=455"},{"taxonomy":"product_cat","embeddable":true,"href":"https:\/\/dovanagirls.com\/catalogo\/wp-json\/wp\/v2\/product_cat?post=455"},{"taxonomy":"product_tag","embeddable":true,"href":"https:\/\/dovanagirls.com\/catalogo\/wp-json\/wp\/v2\/product_tag?post=455"}],"curies":[{"name":"wp","href":"https:\/\/api.w.org\/{rel}","templated":true}]}}