{"id":160,"date":"2023-06-19T14:58:35","date_gmt":"2023-06-19T14:58:35","guid":{"rendered":"https:\/\/dummy.xtemos.com\/woodmart2\/kids\/?post_type=product&#038;p=160"},"modified":"2025-11-21T19:11:50","modified_gmt":"2025-11-21T19:11:50","slug":"bear-paw-arctic-leggings","status":"publish","type":"product","link":"https:\/\/dovanagirls.com\/catalogo\/producto\/bear-paw-arctic-leggings\/","title":{"rendered":"Conjunto de dos piezas camiseta y short corto"},"content":{"rendered":"<h1 class=\"product-intro__head-name\" tabindex=\"0\"><span class=\"fsp-element\">Conjunto de dos piezas camiseta manga corta y pantal\u00f3n corto con cuello redondo y estampado de leopardo en color blanco y rosa el pantal\u00f3n es el\u00e1stico<\/span><\/h1>\n","protected":false},"excerpt":{"rendered":"<h1 class=\"product-intro__head-name\" tabindex=\"0\"><span class=\"fsp-element\">Conjunto de dos piezas camiseta manga corta y pantal\u00f3n corto con cuello redondo y estampado de leopardo en color blanco y rosa el pantal\u00f3n es el\u00e1stico<\/span><\/h1>\n<h1 class=\"product-intro__head-name\" tabindex=\"0\"><span class=\"fsp-element\">\u00a0<\/span><\/h1>\n","protected":false},"featured_media":0,"template":"","meta":{"_monsterinsights_skip_tracking":false,"_monsterinsights_sitenote_active":false,"_monsterinsights_sitenote_note":"","_monsterinsights_sitenote_category":0},"product_brand":[51],"product_cat":[29],"product_tag":[67],"class_list":{"0":"post-160","1":"product","2":"type-product","3":"status-publish","5":"product_brand-shein","6":"product_cat-ropa-de-playa","7":"product_tag-talla-5-6","8":"pa_talla-5-6-years","10":"first","11":"instock","12":"featured","13":"shipping-taxable","14":"purchasable","15":"product-type-simple"},"aioseo_notices":[],"_links":{"self":[{"href":"https:\/\/dovanagirls.com\/catalogo\/wp-json\/wp\/v2\/product\/160","targetHints":{"allow":["GET"]}}],"collection":[{"href":"https:\/\/dovanagirls.com\/catalogo\/wp-json\/wp\/v2\/product"}],"about":[{"href":"https:\/\/dovanagirls.com\/catalogo\/wp-json\/wp\/v2\/types\/product"}],"wp:attachment":[{"href":"https:\/\/dovanagirls.com\/catalogo\/wp-json\/wp\/v2\/media?parent=160"}],"wp:term":[{"taxonomy":"product_brand","embeddable":true,"href":"https:\/\/dovanagirls.com\/catalogo\/wp-json\/wp\/v2\/product_brand?post=160"},{"taxonomy":"product_cat","embeddable":true,"href":"https:\/\/dovanagirls.com\/catalogo\/wp-json\/wp\/v2\/product_cat?post=160"},{"taxonomy":"product_tag","embeddable":true,"href":"https:\/\/dovanagirls.com\/catalogo\/wp-json\/wp\/v2\/product_tag?post=160"}],"curies":[{"name":"wp","href":"https:\/\/api.w.org\/{rel}","templated":true}]}}